





{"id":2682,"date":"2020-06-15T15:24:36","date_gmt":"2020-06-15T13:24:36","guid":{"rendered":"https:\/\/www.lpv-rottal-inn.de\/?page_id=2682"},"modified":"2020-10-01T16:48:09","modified_gmt":"2020-10-01T14:48:09","slug":"impressum","status":"publish","type":"page","link":"https:\/\/www.lpv-rottal-inn.de\/index.php\/impressum\/","title":{"rendered":"Impressum"},"content":{"rendered":"<div class=\"wpb-content-wrapper\"><p>[vc_row css=&#8220;.vc_custom_1595831791072{margin-top: 40px !important;}&#8220;][vc_column][\/vc_column][\/vc_row][vc_row][vc_column width=&#8220;5\/6&#8243;][vc_column_text]<strong>Herausgeber:<br \/>\n<\/strong>Landschaftspflegeverband Rottal-Inn e. V.<br \/>\nPfarrkirchener Str. 97<br \/>\n84307 Eggenfelden<br \/>\nTel. 08721-5089356<br \/>\n<a href=\"mailto:lpv@lpv.rottal-inn.de\">lpv@lpv.rottal-inn.de<\/a><\/p>\n<p><strong>B\u00fcrozeiten:<br \/>\n<\/strong>Montag bis Freitag 8:00 &#8211; 13:00 Uhr<\/p>\n<p><strong>Terminvereinbarungen:<br \/>\n<\/strong>jederzeit m\u00f6glich<\/p>\n<p><strong>Redaktion:<\/strong><br \/>\nDie fachlichen Inhalte werden von der Gesch\u00e4ftsstelle des Landschaftspflegeverbandes<br \/>\nRottal-Inn e. V. erstellt.\u00a0Bei Fragen hierzu steht Ihnen unser Team gerne zur Verf\u00fcgung.<\/p>\n<p><strong>Externe Links<br \/>\n<\/strong>Zu Ihrer Information\u00a0finden Sie\u00a0auf unseren Seiten\u00a0Links, die auf Seiten Dritter verweisen. Der Landschaftspflegeverband Rottal-Inn\u00a0hat keinerlei Einfluss auf den Inhalt und die Gestaltung von\u00a0Seiten anderer Anbieter und \u00fcbernimmt f\u00fcr deren Inhalte keinerlei Haftung.[\/vc_column_text][vc_separator color=&#8220;custom&#8220; accent_color=&#8220;#ededed&#8220; css=&#8220;.vc_custom_1592557312728{margin-top: 40px !important;margin-bottom: 40px !important;}&#8220;][vc_column_text]<\/p>\n<div class=\"topmargin bottommargin\">\n<p><strong>Konzeption, Realisierung und Redaktion der Website:<\/strong><br \/>\n<strong>Edm\u00fcller, Bock &amp; Hummelsberger Marketing GmbH<\/strong><br \/>\nPfarrkirchener Stra\u00dfe 12, 84307 Eggenfelden<br \/>\nTel.: <a href=\"tel:0049872196390\">+49 8721 9639-0<\/a><br \/>\neMail: <a href=\"mailto:erwin.hummelsberger@ebh-marketing.de\"><u>erwin.hummelsberger@ebh-marketing.de<\/u><\/a><br \/>\nWeb: <a href=\"https:\/\/www.ebh-marketing.de\" target=\"_blank\" rel=\"noopener noreferrer\"><u>www.ebh-marketing.de<\/u><\/a><\/p>\n<\/div>\n<p>[\/vc_column_text][vc_separator color=&#8220;custom&#8220; accent_color=&#8220;#ededed&#8220; css=&#8220;.vc_custom_1592557380577{margin-top: 40px !important;margin-bottom: 40px !important;}&#8220;][\/vc_column][vc_column width=&#8220;1\/6&#8243;][\/vc_column][\/vc_row][vc_row][vc_column][vc_column_text]<\/p>\n<div id=\"ctl00_cpHtmlContent_pnEmployees\" class=\"modul_mitarbeiter\">\n<h1><span style=\"font-size: 20px;\">Haftungsausschluss (Disclaimer)<\/span><\/h1>\n<p><span style=\"color: #879927;\"><strong>Haftung f\u00fcr Inhalte<\/strong><\/span><\/p>\n<p>Als Diensteanbieter sind wir gem\u00e4\u00df \u00a7 7 Abs.1 TMG f\u00fcr eigene Inhalte auf diesen Seiten nach den allgemeinen Gesetzen verantwortlich. Nach \u00a7\u00a7 8 bis 10 TMG sind wir als Diensteanbieter jedoch nicht verpflichtet, \u00fcbermittelte oder gespeicherte fremde Informationen zu \u00fcberwachen oder nach Umst\u00e4nden zu forschen, die auf eine rechtswidrige T\u00e4tigkeit hinweisen. Verpflichtungen zur Entfernung oder Sperrung der Nutzung von Informationen nach den allgemeinen Gesetzen bleiben hiervon unber\u00fchrt. Eine diesbez\u00fcgliche Haftung ist jedoch erst ab dem Zeitpunkt der Kenntnis einer konkreten Rechtsverletzung m\u00f6glich. Bei Bekanntwerden von entsprechenden Rechtsverletzungen werden wir diese Inhalte umgehend entfernen.<\/p>\n<p><strong>Haftung f\u00fcr Links<\/strong><\/p>\n<p>Unser Angebot enth\u00e4lt Links zu externen Webseiten Dritter, auf deren Inhalte wir keinen Einfluss haben. Deshalb k\u00f6nnen wir f\u00fcr diese fremden Inhalte auch keine Gew\u00e4hr \u00fcbernehmen. F\u00fcr die Inhalte der verlinkten Seiten ist stets der jeweilige Anbieter oder Betreiber der Seiten verantwortlich. Die verlinkten Seiten wurden zum Zeitpunkt der Verlinkung auf m\u00f6gliche Rechtsverst\u00f6\u00dfe \u00fcberpr\u00fcft. Rechtswidrige Inhalte waren zum Zeitpunkt der Verlinkung nicht erkennbar. Eine permanente inhaltliche Kontrolle der verlinkten Seiten ist jedoch ohne konkrete Anhaltspunkte einer Rechtsverletzung nicht zumutbar. Bei Bekanntwerden von Rechtsverletzungen werden wir derartige Links umgehend entfernen.<\/p>\n<p><strong>Urheberrecht<\/strong><\/p>\n<p>Die durch die Seitenbetreiber erstellten Inhalte und Werke auf diesen Seiten unterliegen dem deutschen Urheberrecht. Die Vervielf\u00e4ltigung, Bearbeitung, Verbreitung und jede Art der Verwertung au\u00dferhalb der Grenzen des Urheberrechtes bed\u00fcrfen der schriftlichen Zustimmung des jeweiligen Autors bzw. Erstellers. Downloads und Kopien dieser Seite sind nur f\u00fcr den privaten, nicht kommerziellen Gebrauch gestattet. Soweit die Inhalte auf dieser Seite nicht vom Betreiber erstellt wurden, werden die Urheberrechte Dritter beachtet. Insbesondere werden Inhalte Dritter als solche gekennzeichnet. Sollten Sie trotzdem auf eine Urheberrechtsverletzung aufmerksam werden, bitten wir um einen entsprechenden Hinweis. Bei Bekanntwerden von Rechtsverletzungen werden wir derartige Inhalte umgehend entfernen.<\/p>\n<\/div>\n<p>&nbsp;<\/p>\n<p>Quelle: <em><a href=\"https:\/\/www.e-recht24.de\/impressum-generator.html\" target=\"_blank\" rel=\"nofollow noopener noreferrer\">www.e-recht24.de<\/a><\/em>[\/vc_column_text][\/vc_column][\/vc_row]<\/p>\n<\/div>","protected":false},"excerpt":{"rendered":"<p>[vc_row css=&#8220;.vc_custom_1595831791072{margin-top: 40px !important;}&#8220;][vc_column][\/vc_column][\/vc_row][vc_row][vc_column width=&#8220;5\/6&#8243;][vc_column_text]Herausgeber: Landschaftspflegeverband Rottal-Inn e. V. Pfarrkirchener Str. 97 84307 Eggenfelden Tel. 08721-5089356 lpv@lpv.rottal-inn.de B\u00fcrozeiten: Montag bis Freitag 8:00 &#8211; 13:00 Uhr Terminvereinbarungen: jederzeit m\u00f6glich Redaktion: Die fachlichen Inhalte werden von der Gesch\u00e4ftsstelle des Landschaftspflegeverbandes Rottal-Inn e. V. erstellt.\u00a0Bei Fragen hierzu steht Ihnen unser Team gerne zur Verf\u00fcgung. Externe Links Zu Ihrer [&hellip;]<\/p>\n","protected":false},"author":3,"featured_media":0,"parent":0,"menu_order":0,"comment_status":"closed","ping_status":"closed","template":"","meta":{"footnotes":""},"class_list":["post-2682","page","type-page","status-publish","hentry"],"_links":{"self":[{"href":"https:\/\/www.lpv-rottal-inn.de\/index.php\/wp-json\/wp\/v2\/pages\/2682","targetHints":{"allow":["GET"]}}],"collection":[{"href":"https:\/\/www.lpv-rottal-inn.de\/index.php\/wp-json\/wp\/v2\/pages"}],"about":[{"href":"https:\/\/www.lpv-rottal-inn.de\/index.php\/wp-json\/wp\/v2\/types\/page"}],"author":[{"embeddable":true,"href":"https:\/\/www.lpv-rottal-inn.de\/index.php\/wp-json\/wp\/v2\/users\/3"}],"replies":[{"embeddable":true,"href":"https:\/\/www.lpv-rottal-inn.de\/index.php\/wp-json\/wp\/v2\/comments?post=2682"}],"version-history":[{"count":7,"href":"https:\/\/www.lpv-rottal-inn.de\/index.php\/wp-json\/wp\/v2\/pages\/2682\/revisions"}],"predecessor-version":[{"id":4386,"href":"https:\/\/www.lpv-rottal-inn.de\/index.php\/wp-json\/wp\/v2\/pages\/2682\/revisions\/4386"}],"wp:attachment":[{"href":"https:\/\/www.lpv-rottal-inn.de\/index.php\/wp-json\/wp\/v2\/media?parent=2682"}],"curies":[{"name":"wp","href":"https:\/\/api.w.org\/{rel}","templated":true}]}}