





{"id":2808,"date":"2020-06-16T16:17:35","date_gmt":"2020-06-16T14:17:35","guid":{"rendered":"https:\/\/www.lpv-rottal-inn.de\/?page_id=2808"},"modified":"2024-11-06T13:49:39","modified_gmt":"2024-11-06T12:49:39","slug":"unsere-dienstleistungen","status":"publish","type":"page","link":"https:\/\/www.lpv-rottal-inn.de\/index.php\/unsere-dienstleistungen\/","title":{"rendered":"Unsere Dienstleistungen"},"content":{"rendered":"<div class=\"wpb-content-wrapper\"><p>[vc_row css=&#8220;.vc_custom_1593430945228{margin-top: 60px !important;}&#8220; animation_type=&#8220;fadeInUp&#8220;][vc_column width=&#8220;1\/6&#8243;][\/vc_column][vc_column width=&#8220;2\/3&#8243;][vc_column_text css=&#8220;.vc_custom_1603281083652{margin-bottom: 40px !important;}&#8220;]<\/p>\n<p style=\"text-align: center;\"><span style=\"font-size: 16px;\"><strong>Sprechen Sie uns einfach an, wenn Sie beispielsweise eines dieser Themen haben:<\/strong><\/span><\/p>\n<p style=\"text-align: center;\"><span style=\"font-size: 16px;\"><i class=\"far fa-arrow-alt-circle-right\" style=\"color: #879927;\">\u00a0<\/i>Anlage von Streuobst und Hecken<\/span><br \/>\n<span style=\"text-align: center;\"><span style=\"font-size: 16px;\"><i class=\"far fa-arrow-alt-circle-right\" style=\"color: #879927;\"><\/i> Heckenpflege<\/span><br \/>\n<span style=\"text-align: center;\"><span style=\"font-size: 16px;\"><i class=\"far fa-arrow-alt-circle-right\" style=\"color: #879927;\"><\/i> heimische Blumenwiesen<\/span><br \/>\n<span style=\"text-align: center;\"><span style=\"font-size: 16px;\"><i class=\"far fa-arrow-alt-circle-right\" style=\"color: #879927;\"><\/i> Anlage und Pflege von Ausgleichsfl\u00e4chen<\/span><br \/>\n<span style=\"text-align: center;\"><span style=\"font-size: 16px;\"><i class=\"far fa-arrow-alt-circle-right\" style=\"color: #879927;\"><\/i> Artenhilfsma\u00dfnahmen f\u00fcr Amphibien und Reptilien<\/span><br \/>\n<span style=\"text-align: center;\"><span style=\"font-size: 16px;\"><i class=\"far fa-arrow-alt-circle-right\" style=\"color: #879927;\"><\/i> Umweltbildung an Schulen<\/span><br \/>\n<span style=\"text-align: center;\"><span style=\"font-size: 16px;\"><i class=\"far fa-arrow-alt-circle-right\" style=\"color: #879927;\"><\/i> Vortr\u00e4ge f\u00fcr Alt und Jung<\/span><\/span><\/span><\/span><\/span><\/span><\/span>[\/vc_column_text][\/vc_column][vc_column width=&#8220;1\/6&#8243;][\/vc_column][\/vc_row][vc_row css=&#8220;.vc_custom_1593090143543{margin-top: 40px !important;margin-bottom: 10px !important;}&#8220;][vc_column][\/vc_column][\/vc_row][vc_row][vc_column][\/vc_column][\/vc_row]<\/p>\n<\/div>","protected":false},"excerpt":{"rendered":"<p>[vc_row css=&#8220;.vc_custom_1593430945228{margin-top: 60px !important;}&#8220; animation_type=&#8220;fadeInUp&#8220;][vc_column width=&#8220;1\/6&#8243;][\/vc_column][vc_column width=&#8220;2\/3&#8243;][vc_column_text css=&#8220;.vc_custom_1603281083652{margin-bottom: 40px !important;}&#8220;] Sprechen Sie uns einfach an, wenn Sie beispielsweise eines dieser Themen haben: \u00a0Anlage von Streuobst und Hecken Heckenpflege heimische Blumenwiesen Anlage und Pflege von Ausgleichsfl\u00e4chen Artenhilfsma\u00dfnahmen f\u00fcr Amphibien und Reptilien Umweltbildung an Schulen Vortr\u00e4ge f\u00fcr Alt und Jung[\/vc_column_text][\/vc_column][vc_column width=&#8220;1\/6&#8243;][\/vc_column][\/vc_row][vc_row css=&#8220;.vc_custom_1593090143543{margin-top: 40px !important;margin-bottom: 10px !important;}&#8220;][vc_column][\/vc_column][\/vc_row][vc_row][vc_column][\/vc_column][\/vc_row]<\/p>\n","protected":false},"author":3,"featured_media":0,"parent":0,"menu_order":0,"comment_status":"closed","ping_status":"closed","template":"","meta":{"footnotes":""},"class_list":["post-2808","page","type-page","status-publish","hentry"],"_links":{"self":[{"href":"https:\/\/www.lpv-rottal-inn.de\/index.php\/wp-json\/wp\/v2\/pages\/2808","targetHints":{"allow":["GET"]}}],"collection":[{"href":"https:\/\/www.lpv-rottal-inn.de\/index.php\/wp-json\/wp\/v2\/pages"}],"about":[{"href":"https:\/\/www.lpv-rottal-inn.de\/index.php\/wp-json\/wp\/v2\/types\/page"}],"author":[{"embeddable":true,"href":"https:\/\/www.lpv-rottal-inn.de\/index.php\/wp-json\/wp\/v2\/users\/3"}],"replies":[{"embeddable":true,"href":"https:\/\/www.lpv-rottal-inn.de\/index.php\/wp-json\/wp\/v2\/comments?post=2808"}],"version-history":[{"count":51,"href":"https:\/\/www.lpv-rottal-inn.de\/index.php\/wp-json\/wp\/v2\/pages\/2808\/revisions"}],"predecessor-version":[{"id":4984,"href":"https:\/\/www.lpv-rottal-inn.de\/index.php\/wp-json\/wp\/v2\/pages\/2808\/revisions\/4984"}],"wp:attachment":[{"href":"https:\/\/www.lpv-rottal-inn.de\/index.php\/wp-json\/wp\/v2\/media?parent=2808"}],"curies":[{"name":"wp","href":"https:\/\/api.w.org\/{rel}","templated":true}]}}