





{"id":2863,"date":"2020-06-18T09:50:33","date_gmt":"2020-06-18T07:50:33","guid":{"rendered":"https:\/\/www.lpv-rottal-inn.de\/?page_id=2863"},"modified":"2022-05-12T08:38:01","modified_gmt":"2022-05-12T06:38:01","slug":"jahresberichte","status":"publish","type":"page","link":"https:\/\/www.lpv-rottal-inn.de\/index.php\/jahresberichte\/","title":{"rendered":"Jahresberichte"},"content":{"rendered":"<div class=\"wpb-content-wrapper\"><p>[vc_row full_width=&#8220;stretch_row&#8220; wrap_container=&#8220;yes&#8220; css=&#8220;.vc_custom_1593069086562{padding-top: 50px !important;padding-bottom: 0px !important;background-color: #ffffff !important;border-radius: 2px !important;}&#8220;][vc_column css=&#8220;.vc_custom_1593069104092{background-color: #ffffff !important;}&#8220;][vc_row_inner][vc_column_inner width=&#8220;1\/3&#8243; animation_type=&#8220;bounceIn&#8220;]<a aria-label=\"2021\" class=\"porto-sicon-box-link\" href=\"https:\/\/www.lpv-rottal-inn.de\/wp-content\/uploads\/LPV-Jahresbericht-2021.pdf\" target='_blank' title='Jahresbericht LPV 2021'><div class=\"porto-sicon-box  vc_custom_1652337580551  wpb_custom_1ba50b84f0433336c41d0a3d8d5ed43f style_2 left-icon\"><div class=\"porto-sicon-left\"><div class=\"porto-just-icon-wrapper porto-icon none\" style=\"color:#879927;font-size:30px;\"><i class=\"porto-icon-doc\"><\/i><\/div><\/div><div class=\"porto-sicon-body\"><div class=\"porto-sicon-header\"><h3 class=\"porto-sicon-title\" style=\"font-weight:600;font-size:18px;color:#21293c;line-height:20px;\">2021<\/h3><\/div> <!-- header --><\/div><\/div><!-- porto-sicon-box --><\/a>[\/vc_column_inner][vc_column_inner width=&#8220;1\/3&#8243; animation_delay=&#8220;0.3&#8243; animation_type=&#8220;bounceIn&#8220;]<a aria-label=\"2020\" class=\"porto-sicon-box-link\" href=\"https:\/\/www.lpv-rottal-inn.de\/wp-content\/uploads\/Jahresbericht_LPV_2020.pdf\" target='_blank' title='Jahresbericht LPV 2020'><div class=\"porto-sicon-box  vc_custom_1616148722881  wpb_custom_1ba50b84f0433336c41d0a3d8d5ed43f style_2 left-icon\"><div class=\"porto-sicon-left\"><div class=\"porto-just-icon-wrapper porto-icon none\" style=\"color:#879927;font-size:30px;\"><i class=\"porto-icon-doc\"><\/i><\/div><\/div><div class=\"porto-sicon-body\"><div class=\"porto-sicon-header\"><h3 class=\"porto-sicon-title\" style=\"font-weight:600;font-size:18px;color:#21293c;line-height:20px;\">2020<\/h3><\/div> <!-- header --><\/div><\/div><!-- porto-sicon-box --><\/a>[\/vc_column_inner][vc_column_inner width=&#8220;1\/3&#8243; animation_delay=&#8220;0.6&#8243; animation_type=&#8220;bounceIn&#8220;]<a aria-label=\"2019\" class=\"porto-sicon-box-link\" href=\"https:\/\/www.lpv-rottal-inn.de\/wp-content\/LPV\/Jahresberichte\/Jahresbericht_LPV_2019.pdf\" target='_blank' title='Jahresbericht LPV 2019'><div class=\"porto-sicon-box  vc_custom_1593171157287  wpb_custom_1ba50b84f0433336c41d0a3d8d5ed43f style_2 left-icon\"><div class=\"porto-sicon-left\"><div class=\"porto-just-icon-wrapper porto-icon none\" style=\"color:#879927;font-size:30px;\"><i class=\"porto-icon-doc\"><\/i><\/div><\/div><div class=\"porto-sicon-body\"><div class=\"porto-sicon-header\"><h3 class=\"porto-sicon-title\" style=\"font-weight:600;font-size:18px;color:#21293c;line-height:20px;\">2019<\/h3><\/div> <!-- header --><\/div><\/div><!-- porto-sicon-box --><\/a>[\/vc_column_inner][\/vc_row_inner][vc_row_inner][vc_column_inner width=&#8220;1\/3&#8243; animation_type=&#8220;bounceIn&#8220;]<a aria-label=\"2018\" class=\"porto-sicon-box-link\" href=\"https:\/\/www.lpv-rottal-inn.de\/wp-content\/LPV\/Jahresberichte\/Jahresbericht_LPV_2018.pdf\" target='_blank' title='Jahresbericht LPV 2018'><div class=\"porto-sicon-box  vc_custom_1593171161602  wpb_custom_1ba50b84f0433336c41d0a3d8d5ed43f style_2 left-icon\"><div class=\"porto-sicon-left\"><div class=\"porto-just-icon-wrapper porto-icon none\" style=\"color:#879927;font-size:30px;\"><i class=\"porto-icon-doc\"><\/i><\/div><\/div><div class=\"porto-sicon-body\"><div class=\"porto-sicon-header\"><h3 class=\"porto-sicon-title\" style=\"font-weight:600;font-size:18px;color:#21293c;line-height:20px;\">2018<\/h3><\/div> <!-- header --><\/div><\/div><!-- porto-sicon-box --><\/a>[\/vc_column_inner][vc_column_inner width=&#8220;1\/3&#8243; animation_type=&#8220;bounceIn&#8220;]<a aria-label=\"2014\" class=\"porto-sicon-box-link\" href=\"https:\/\/www.lpv-rottal-inn.de\/wp-content\/LPV\/Jahresberichte\/Jahresbericht_LPV_2014.pdf\" target='_blank' title='Jahresbericht LPV 2014'><div class=\"porto-sicon-box  vc_custom_1593171165565  wpb_custom_1ba50b84f0433336c41d0a3d8d5ed43f style_2 left-icon\"><div class=\"porto-sicon-left\"><div class=\"porto-just-icon-wrapper porto-icon none\" style=\"color:#879927;font-size:30px;\"><i class=\"porto-icon-doc\"><\/i><\/div><\/div><div class=\"porto-sicon-body\"><div class=\"porto-sicon-header\"><h3 class=\"porto-sicon-title\" style=\"font-weight:600;font-size:18px;color:#21293c;line-height:20px;\">2014<\/h3><\/div> <!-- header --><\/div><\/div><!-- porto-sicon-box --><\/a>[\/vc_column_inner][vc_column_inner width=&#8220;1\/3&#8243; animation_type=&#8220;bounceIn&#8220;]<a aria-label=\"2013\" class=\"porto-sicon-box-link\" href=\"https:\/\/www.lpv-rottal-inn.de\/wp-content\/LPV\/Jahresberichte\/Jahresbericht_LPV_2013.pdf\" target='_blank' title='Jahresbericht LPV 2013'><div class=\"porto-sicon-box  vc_custom_1593171169492  wpb_custom_1ba50b84f0433336c41d0a3d8d5ed43f style_2 left-icon\"><div class=\"porto-sicon-left\"><div class=\"porto-just-icon-wrapper porto-icon none\" style=\"color:#879927;font-size:30px;\"><i class=\"porto-icon-doc\"><\/i><\/div><\/div><div class=\"porto-sicon-body\"><div class=\"porto-sicon-header\"><h3 class=\"porto-sicon-title\" style=\"font-weight:600;font-size:18px;color:#21293c;line-height:20px;\">2013<\/h3><\/div> <!-- header --><\/div><\/div><!-- porto-sicon-box --><\/a>[\/vc_column_inner][\/vc_row_inner][vc_row_inner css=&#8220;.vc_custom_1592468286370{padding-bottom: 60px !important;}&#8220;][vc_column_inner width=&#8220;1\/3&#8243; animation_type=&#8220;bounceIn&#8220;]<a aria-label=\"2012\" class=\"porto-sicon-box-link\" href=\"https:\/\/www.lpv-rottal-inn.de\/wp-content\/LPV\/Jahresberichte\/Jahresbericht_LPV_2012.pdf\" target='_blank' title='Jahresbericht LPV 2012'><div class=\"porto-sicon-box  vc_custom_1593171173489  wpb_custom_1ba50b84f0433336c41d0a3d8d5ed43f style_2 left-icon\"><div class=\"porto-sicon-left\"><div class=\"porto-just-icon-wrapper porto-icon none\" style=\"color:#879927;font-size:30px;\"><i class=\"porto-icon-doc\"><\/i><\/div><\/div><div class=\"porto-sicon-body\"><div class=\"porto-sicon-header\"><h3 class=\"porto-sicon-title\" style=\"font-weight:600;font-size:18px;color:#21293c;line-height:20px;\">2012<\/h3><\/div> <!-- header --><\/div><\/div><!-- porto-sicon-box --><\/a>[\/vc_column_inner][vc_column_inner width=&#8220;1\/3&#8243;]<a aria-label=\"2011\" class=\"porto-sicon-box-link\" href=\"https:\/\/www.lpv-rottal-inn.de\/wp-content\/LPV\/Jahresberichte\/Jahresbericht_LPV_2011.pdf\" target='_blank' title='Jahresbericht LPV 2011'><div class=\"porto-sicon-box  vc_custom_1593171177638  wpb_custom_1ba50b84f0433336c41d0a3d8d5ed43f style_2 left-icon\"><div class=\"porto-sicon-left\"><div class=\"porto-just-icon-wrapper porto-icon none\" style=\"color:#879927;font-size:30px;\"><i class=\"porto-icon-doc\"><\/i><\/div><\/div><div class=\"porto-sicon-body\"><div class=\"porto-sicon-header\"><h3 class=\"porto-sicon-title\" style=\"font-weight:600;font-size:18px;color:#21293c;line-height:20px;\">2011<\/h3><\/div> <!-- header --><\/div><\/div><!-- porto-sicon-box --><\/a>[\/vc_column_inner][vc_column_inner width=&#8220;1\/3&#8243;]<a aria-label=\"2010\" class=\"porto-sicon-box-link\" href=\"https:\/\/www.lpv-rottal-inn.de\/wp-content\/LPV\/Jahresberichte\/Jahresbericht_LPV_2010.pdf\" target='_blank' title='Jahresbericht LPV 2010'><div class=\"porto-sicon-box  vc_custom_1593069188604  wpb_custom_1ba50b84f0433336c41d0a3d8d5ed43f style_2 left-icon\"><div class=\"porto-sicon-left\"><div class=\"porto-just-icon-wrapper porto-icon none\" style=\"color:#879927;font-size:30px;\"><i class=\"porto-icon-doc\"><\/i><\/div><\/div><div class=\"porto-sicon-body\"><div class=\"porto-sicon-header\"><h3 class=\"porto-sicon-title\" style=\"font-weight:600;font-size:18px;color:#21293c;line-height:20px;\">2010<\/h3><\/div> <!-- header --><\/div><\/div><!-- porto-sicon-box --><\/a>[\/vc_column_inner][\/vc_row_inner][\/vc_column][\/vc_row][vc_row full_width=&#8220;stretch_row&#8220; wrap_container=&#8220;yes&#8220; css=&#8220;.vc_custom_1593069092628{padding-top: 0px !important;padding-bottom: 0px !important;background-color: #ffffff !important;}&#8220;][vc_column css=&#8220;.vc_custom_1593069210039{background-color: #ffffff !important;}&#8220;][\/vc_column][\/vc_row][vc_row wrap_container=&#8220;yes&#8220; el_id=&#8220;who-we-are&#8220; el_class=&#8220;m-none&#8220; css=&#8220;.vc_custom_1528962009090{margin-bottom: 35px !important;padding-top: 50px !important;padding-bottom: 50px !important;background-color: #ffffff !important;}&#8220;][vc_column][vc_row_inner equal_height=&#8220;yes&#8220;][vc_column_inner width=&#8220;1\/2&#8243;][vc_column_text]<\/p>\n<h2 style=\"text-align: left; font-size: 26px; letter-spacing: 0.5px; color: #879927;\">Inspiriert von der trickreichen Natur<\/h2>\n<p>Das Logo des LPV Rottal-Inn zeigt einen heimischen Schmetterling, den \u201eWiesenknopf-Ameisenbl\u00e4uling\u201c. Dieser hoch spezialisierte Schmetterling legt seine Eier an die Knospen seiner Futterpflanze, den \u201eWiesenknopf\u201c. Nach einiger Zeit lassen die Raupen sich fallen und warten, bis sie von ihrer Wirtsameise als vermeintliche Beute in den Bau getragen werden. Dort machen sie sich \u00fcber die Ameisenlarven her! Das gelingt den Raupen, indem sie den Nestgeruch der Ameisen nachahmen und diesen ein zuckers\u00fc\u00dfes Sekret \u00fcberlassen.[\/vc_column_text][\/vc_column_inner][vc_column_inner width=&#8220;1\/2&#8243;][vc_raw_html el_class=&#8220;custom-margin-3 center&#8220;]JTA5JTA5JTA5JTA5JTA5JTA5JTA5JTA5JTNDc3ZnJTIwaWQlM0QlMjJjdXJ2ZWQtbGluZS0xJTIyJTIweCUzRCUyMjBweCUyMiUyMHklM0QlMjIwcHglMjIlMjB3aWR0aCUzRCUyMjU0NXB4JTIyJTIwaGVpZ2h0JTNEJTIyMzA1cHglMjIlMjB2aWV3Qm94JTNEJTIyMCUyMDAlMjA1NDUlMjAzMDUlMjIlMjBlbmFibGUtYmFja2dyb3VuZCUzRCUyMm5ldyUyMDAlMjAwJTIwNTQ1JTIwMzA1JTIyJTIweG1sJTNBc3BhY2UlM0QlMjJwcmVzZXJ2ZSUyMiUzRSUwQSUwOSUwOSUwOSUwOSUwOSUwOSUwOSUwOSUwOSUzQ2NpcmNsZSUyMGNsYXNzJTNEJTIyY2lyY2xlJTIwYXBwZWFyLWFuaW1hdGlvbiUyMiUyMGRhdGEtYXBwZWFyLWFuaW1hdGlvbiUzRCUyMmNpcmNsZS1hbmltJTIyJTIwZmlsbCUzRCUyMm5vbmUlMjIlMjBzdHJva2UlM0QlMjIlMjMyMzFGMjAlMjIlMjBzdHJva2UtbWl0ZXJsaW1pdCUzRCUyMjEwJTIyJTIwc3Ryb2tlLWRhc2hhcnJheSUzRCUyMjIuMDEwNiUyQzEuMDA1MyUyMiUyMGN4JTNEJTIyMTAuMjA2JTIyJTIwY3klM0QlMjI5LjkxJTIyJTIwciUzRCUyMjguMTY3JTIyJTJGJTNFJTBBJTA5JTA5JTA5JTA5JTA5JTA5JTA5JTA5JTA5JTNDY2lyY2xlJTIwY2xhc3MlM0QlMjJjaXJjbGUtZGFzaGVkJTIyJTIwZmlsbCUzRCUyMm5vbmUlMjIlMjBzdHJva2UlM0QlMjJ3aGl0ZSUyMiUyMHN0cm9rZS1taXRlcmxpbWl0JTNEJTIyMTAlMjIlMjBzdHJva2UtZGFzaGFycmF5JTNEJTIyMyUyQzMlMjIlMjBjeCUzRCUyMjEwLjIwNiUyMiUyMGN5JTNEJTIyOS45MSUyMiUyMHIlM0QlMjI4LjE2NyUyMiUyRiUzRSUwQSUwOSUwOSUwOSUwOSUwOSUwOSUwOSUwOSUwOSUzQ3BhdGglMjBjbGFzcyUzRCUyMnBhdGglMjBhcHBlYXItYW5pbWF0aW9uJTIyJTIwZGF0YS1hcHBlYXItYW5pbWF0aW9uJTNEJTIybGluZS1hbmltJTIyJTIwZGF0YS1hcHBlYXItYW5pbWF0aW9uLWRlbGF5JTNEJTIyODAwJTIyJTIwZmlsbCUzRCUyMm5vbmUlMjIlMjBzdHJva2UlM0QlMjIlMjMwMTAxMDElMjIlMjBzdHJva2UtbWl0ZXJsaW1pdCUzRCUyMjEwJTIyJTIwc3Ryb2tlLWRhc2hhcnJheSUzRCUyMjIuMDAyNCUyQzIuMDAyNCUyMiUyMGQlM0QlMjJNMTEuNDY5JTJDMjEuMDQ2JTBBJTA5JTA5JTA5JTA5JTA5JTA5JTA5JTA5JTA5JTA5YzMuMTkxJTJDMTkuODElMkMzMi43NzklMkMxMzAuNzM2JTJDMjkyLjc1NiUyQzg3Ljg2M2MyODAuOTc5LTQ2LjMzNyUyQzI0MC43MTclMkMxNDUuOTQ4JTJDMjEyLjIxNSUyQzE4NS40MDElMjIlMkYlM0UlMEElMDklMDklMDklMDklMDklMDklMDklMDklMDklM0NwYXRoJTIwY2xhc3MlM0QlMjJwYXRoLWRhc2hlZCUyMiUyMGZpbGwlM0QlMjJub25lJTIyJTIwc3Ryb2tlJTNEJTIyd2hpdGUlMjIlMjBzdHJva2UtbWl0ZXJsaW1pdCUzRCUyMjEwJTIyJTIwc3Ryb2tlLWRhc2hhcnJheSUzRCUyMjMlMkMzJTIyJTIwZCUzRCUyMk0xMS40NjklMkMyMS4wNDYlMEElMDklMDklMDklMDklMDklMDklMDklMDklMDklMDklMDljMy4xOTElMkMxOS44MSUyQzMyLjc3OSUyQzEzMC43MzYlMkMyOTIuNzU2JTJDODcuODYzYzI4MC45NzktNDYuMzM3JTJDMjQwLjcxNyUyQzE0NS45NDglMkMyMTIuMjE1JTJDMTg1LjQwMSUyMiUyRiUzRSUwQSUwOSUwOSUwOSUwOSUwOSUwOSUwOSUwOSUzQyUyRnN2ZyUzRQ==[\/vc_raw_html][vc_single_image image=&#8220;2904&#8243; img_size=&#8220;medium&#8220; style=&#8220;vc_box_outline_circle_2&#8243; border_color=&#8220;white&#8220; css_animation=&#8220;zoomIn&#8220; el_class=&#8220;custom-image-style-1 _left&#8220;][vc_single_image image=&#8220;3170&#8243; img_size=&#8220;185&#215;185&#8243; alignment=&#8220;center&#8220; style=&#8220;vc_box_shadow_border_circle_2&#8243; css_animation=&#8220;zoomIn&#8220; el_class=&#8220;custom-image-style-1 _middle&#8220; css=&#8220;.vc_custom_1593609155884{border-top-width: 1px !important;border-right-width: 1px !important;border-bottom-width: 1px !important;border-left-width: 1px !important;border-left-color: #879927 !important;border-right-color: #879927 !important;border-top-color: #879927 !important;border-bottom-color: #879927 !important;}&#8220;][vc_single_image image=&#8220;2903&#8243; img_size=&#8220;150&#215;150&#8243; style=&#8220;vc_box_shadow_border_circle_2&#8243; css_animation=&#8220;zoomIn&#8220; el_class=&#8220;custom-image-style-1 _right&#8220; css=&#8220;.vc_custom_1593608891999{margin-top: 65px !important;padding-top: 30px !important;padding-right: 30px !important;padding-bottom: 30px !important;padding-left: 30px !important;}&#8220;][\/vc_column_inner][\/vc_row_inner][\/vc_column][\/vc_row]<\/p>\n<\/div>","protected":false},"excerpt":{"rendered":"<p>[vc_row full_width=&#8220;stretch_row&#8220; wrap_container=&#8220;yes&#8220; css=&#8220;.vc_custom_1593069086562{padding-top: 50px !important;padding-bottom: 0px !important;background-color: #ffffff !important;border-radius: 2px !important;}&#8220;][vc_column css=&#8220;.vc_custom_1593069104092{background-color: #ffffff !important;}&#8220;][vc_row_inner][vc_column_inner width=&#8220;1\/3&#8243; animation_type=&#8220;bounceIn&#8220;][\/vc_column_inner][vc_column_inner width=&#8220;1\/3&#8243; animation_delay=&#8220;0.3&#8243; animation_type=&#8220;bounceIn&#8220;][\/vc_column_inner][vc_column_inner width=&#8220;1\/3&#8243; animation_delay=&#8220;0.6&#8243; animation_type=&#8220;bounceIn&#8220;][\/vc_column_inner][\/vc_row_inner][vc_row_inner][vc_column_inner width=&#8220;1\/3&#8243; animation_type=&#8220;bounceIn&#8220;][\/vc_column_inner][vc_column_inner width=&#8220;1\/3&#8243; animation_type=&#8220;bounceIn&#8220;][\/vc_column_inner][vc_column_inner width=&#8220;1\/3&#8243; animation_type=&#8220;bounceIn&#8220;][\/vc_column_inner][\/vc_row_inner][vc_row_inner css=&#8220;.vc_custom_1592468286370{padding-bottom: 60px !important;}&#8220;][vc_column_inner width=&#8220;1\/3&#8243; animation_type=&#8220;bounceIn&#8220;][\/vc_column_inner][vc_column_inner width=&#8220;1\/3&#8243;][\/vc_column_inner][vc_column_inner width=&#8220;1\/3&#8243;][\/vc_column_inner][\/vc_row_inner][\/vc_column][\/vc_row][vc_row full_width=&#8220;stretch_row&#8220; wrap_container=&#8220;yes&#8220; css=&#8220;.vc_custom_1593069092628{padding-top: 0px !important;padding-bottom: 0px !important;background-color: #ffffff !important;}&#8220;][vc_column css=&#8220;.vc_custom_1593069210039{background-color: #ffffff !important;}&#8220;][\/vc_column][\/vc_row][vc_row wrap_container=&#8220;yes&#8220; el_id=&#8220;who-we-are&#8220; el_class=&#8220;m-none&#8220; css=&#8220;.vc_custom_1528962009090{margin-bottom: 35px !important;padding-top: 50px [&hellip;]<\/p>\n","protected":false},"author":3,"featured_media":0,"parent":0,"menu_order":0,"comment_status":"closed","ping_status":"closed","template":"","meta":{"footnotes":""},"class_list":["post-2863","page","type-page","status-publish","hentry"],"_links":{"self":[{"href":"https:\/\/www.lpv-rottal-inn.de\/index.php\/wp-json\/wp\/v2\/pages\/2863","targetHints":{"allow":["GET"]}}],"collection":[{"href":"https:\/\/www.lpv-rottal-inn.de\/index.php\/wp-json\/wp\/v2\/pages"}],"about":[{"href":"https:\/\/www.lpv-rottal-inn.de\/index.php\/wp-json\/wp\/v2\/types\/page"}],"author":[{"embeddable":true,"href":"https:\/\/www.lpv-rottal-inn.de\/index.php\/wp-json\/wp\/v2\/users\/3"}],"replies":[{"embeddable":true,"href":"https:\/\/www.lpv-rottal-inn.de\/index.php\/wp-json\/wp\/v2\/comments?post=2863"}],"version-history":[{"count":74,"href":"https:\/\/www.lpv-rottal-inn.de\/index.php\/wp-json\/wp\/v2\/pages\/2863\/revisions"}],"predecessor-version":[{"id":4459,"href":"https:\/\/www.lpv-rottal-inn.de\/index.php\/wp-json\/wp\/v2\/pages\/2863\/revisions\/4459"}],"wp:attachment":[{"href":"https:\/\/www.lpv-rottal-inn.de\/index.php\/wp-json\/wp\/v2\/media?parent=2863"}],"curies":[{"name":"wp","href":"https:\/\/api.w.org\/{rel}","templated":true}]}}