





{"id":3316,"date":"2020-06-25T15:14:06","date_gmt":"2020-06-25T13:14:06","guid":{"rendered":"https:\/\/www.lpv-rottal-inn.de\/?page_id=3316"},"modified":"2022-11-07T15:20:34","modified_gmt":"2022-11-07T14:20:34","slug":"service","status":"publish","type":"page","link":"https:\/\/www.lpv-rottal-inn.de\/index.php\/service\/","title":{"rendered":"Presse-Service"},"content":{"rendered":"<div class=\"wpb-content-wrapper\"><p>[vc_row][vc_column][vc_column_text][\/vc_column_text][\/vc_column][\/vc_row][vc_row][vc_column][vc_column_text][\/vc_column_text][\/vc_column][\/vc_row][vc_row css=&#8220;.vc_custom_1601030832893{margin-top: 40px !important;}&#8220;][vc_column][vc_column_text css=&#8220;.vc_custom_1662543692491{margin-top: 0px !important;}&#8220;]<\/p>\n<h3><span style=\"color: #879927;\">Allgemeine Presse-Information zum LPV<br \/>\n<\/span><\/h3>\n<p class=\"\"><span class=\"\">Der Landschaftspflegeverband Rottal-Inn wurde 2009 auf Initiative des Landkreises gegr\u00fcndet und hat im Januar 2010 seine Arbeit aufgenommen. Inzwischen k\u00fcmmert sich ein Team aus sieben Fachleuten darum, die Vielzahl der nat\u00fcrlichen Lebensr\u00e4ume im Landkreis zu erhalten. Der Verein hat mittlerweile 85 Mitglieder \u2013 neben dem Landkreis auch 26 der 31 Gemeinden Rottal-Inns, dazu weitere Verb\u00e4nde und Naturschutzorganisationen sowie Privatpersonen.<\/span><\/p>\n<p class=\"\"><span class=\"\">Im Landschaftspflegeverband haben sich Landwirte, Natursch\u00fctzer und Kommunen freiwillig und gleichberechtigt zusammengetan. Die Vorstandschaft besteht aus je drei Vertretern der Landwirtschaft, des Naturschutzes und der Kommunen. Diese einzigartige Zusammenarbeit in einem Verband vereint Interessen, b\u00fcndelt Kompetenzen und sorgt so f\u00fcr die erfolgreiche Umsetzung von Ma\u00dfnahmen.<\/span><\/p>\n<div class=\"\"><span class=\"\">Artenreiche Streu- und Blumenwiesen, T\u00fcmpel und Streuobstbest\u00e4nde sind Beispiele f\u00fcr die vielf\u00e4ltige Gliederung unserer Landschaft. Sie sind Lebensr\u00e4ume f\u00fcr eine Vielzahl von Pflanzen und Tieren. Diese zu erhalten und oder zu vermehren ist die zentrale Aufgabe des Landschaftspflegeverbandes.<\/span><\/div>\n<p>[\/vc_column_text][\/vc_column][\/vc_row][vc_row css=&#8220;.vc_custom_1667830097232{margin-top: 50px !important;margin-bottom: 50px !important;}&#8220; conditional_render=&#8220;%5B%7B%22value_role%22%3A%22administrator%22%7D%5D&#8220;][vc_column][vc_tta_accordion section_title_tag=&#8220;h2&#8243; style=&#8220;modern&#8220; active_section=&#8220;1&#8243; css_animation=&#8220;fadeIn&#8220; css=&#8220;.vc_custom_1667830463182{background-color: #f9f9f9 !important;}&#8220;][vc_tta_section title=&#8220;2022&#8243; tab_id=&#8220;1667828964058-0c7eac6f-df6b&#8220;][vc_column_text css=&#8220;.vc_custom_1667830185354{padding-top: 30px !important;padding-bottom: 30px !important;}&#8220;]<i class=\"far fa-arrow-alt-circle-down\" style=\"color: #879927;\"><\/i> <a href=\"https:\/\/www.lpv-rottal-inn.de\/wp-content\/uploads\/Pressebericht-PNP.pdf\" target=\"_blank\" rel=\"noopener noreferrer\"><span style=\"color: #555555;\">06.09.2022 I Erste Ma\u00dfnahme: Anpassung in der Flur<\/span><\/a><\/p>\n<hr \/>\n<p><i class=\"far fa-arrow-alt-circle-down\" style=\"color: #879927;\"><\/i> <a href=\"https:\/\/www.lpv-rottal-inn.de\/wp-content\/uploads\/2022-07-26-Von-Insekten-und-Samenbomben.pdf\" target=\"_blank\" rel=\"noopener noreferrer\"><span style=\"color: #555555;\">26.07.2022 I Von Insekten und Samenbomben<\/span><\/a><\/p>\n<hr \/>\n<p><i class=\"far fa-arrow-alt-circle-down\" style=\"color: #879927;\"><\/i> <a href=\"https:\/\/www.lpv-rottal-inn.de\/wp-content\/uploads\/2022-07-23-Artenreiche-Wiesen.pdf\" target=\"_blank\" rel=\"noopener noreferrer\"><span style=\"color: #555555;\">23.07.2022 I Artenreiche Wiesen<\/span><\/a><\/p>\n<hr \/>\n<p><i class=\"far fa-arrow-alt-circle-down\" style=\"color: #879927;\"><\/i> <a href=\"https:\/\/www.lpv-rottal-inn.de\/wp-content\/uploads\/2022_07_14_Gewaesserqualitaet_hat_sich_verbessert.pdf\" target=\"_blank\" rel=\"noopener noreferrer\"><span style=\"color: #555555;\">14.07.2022 I Gew\u00e4sserqualit\u00e4t hat sich verbessert<\/span><\/a><\/p>\n<hr \/>\n<p><i class=\"far fa-arrow-alt-circle-down\" style=\"color: #879927;\"><\/i> <a href=\"https:\/\/www.lpv-rottal-inn.de\/wp-content\/uploads\/Fotowettbewerb.pdf\" target=\"_blank\" rel=\"noopener noreferrer\"><span style=\"color: #555555;\">06.07.2022 I Wer schie\u00dft das sch\u00f6nste Insektenfoto?<\/span><\/a><\/p>\n<hr \/>\n<p><i class=\"far fa-arrow-alt-circle-down\" style=\"color: #879927;\"><\/i> <a href=\"https:\/\/www.lpv-rottal-inn.de\/wp-content\/uploads\/2022_06_29_Mit_Robin_Hood_die_Natur_entdecken.pdf\" target=\"_blank\" rel=\"noopener noreferrer\"><span style=\"color: #555555;\">29.06.2022 I Mit Robin Hood die Natur entdecken<\/span><\/a><\/p>\n<hr \/>\n<p><i class=\"far fa-arrow-alt-circle-down\" style=\"color: #879927;\"><\/i> <a href=\"https:\/\/www.lpv-rottal-inn.de\/wp-content\/uploads\/2022_06_24_Die_grosse_Artenvielfalt_bewundern.pdf\" target=\"_blank\" rel=\"noopener noreferrer\"><span style=\"color: #555555;\">24.06.2022 I Die gro\u00dfe Artenvielfalt bewundern<\/span><\/a><\/p>\n<hr \/>\n<p><i class=\"far fa-arrow-alt-circle-down\" style=\"color: #879927;\"><\/i> <a href=\"https:\/\/www.lpv-rottal-inn.de\/wp-content\/uploads\/So-gut-schmeckt-die-Natur-PNP-Plus.pdf\" target=\"_blank\" rel=\"noopener noreferrer\"><span style=\"color: #555555;\">23.06.2022 I So gut schmeckt die Natur<\/span><\/a><\/p>\n<hr \/>\n<p><i class=\"far fa-arrow-alt-circle-down\" style=\"color: #879927;\"><\/i> <a href=\"https:\/\/www.lpv-rottal-inn.de\/wp-content\/uploads\/2022-06-09-Klimawandel-deutlich-spuerbar.pdf\" target=\"_blank\" rel=\"noopener noreferrer\"><span style=\"color: #555555;\">09.06.2022 I Klimawandel deutlich sp\u00fcrbar<\/span><\/a><\/p>\n<hr \/>\n<p><i class=\"far fa-arrow-alt-circle-down\" style=\"color: #879927;\"><\/i> <a href=\"https:\/\/www.lpv-rottal-inn.de\/wp-content\/uploads\/2022_05_28_Die_Gartenpiraten_bluehen_auf.pdf\" target=\"_blank\" rel=\"noopener noreferrer\"><span style=\"color: #555555;\">28.05.2022 I Die &#8222;Gartenpiraten&#8220; bl\u00fchen auf<\/span><\/a><\/p>\n<hr \/>\n<p><i class=\"far fa-arrow-alt-circle-down\" style=\"color: #879927;\"><\/i> <a href=\"https:\/\/www.lpv-rottal-inn.de\/wp-content\/uploads\/2022_05_27_Ein_Film_mehr_auf_der_Gerniale.pdf\" target=\"_blank\" rel=\"noopener noreferrer\"><span style=\"color: #555555;\">27.05.2022 I Ein Film mehr auf der Gerniale<\/span><\/a><\/p>\n<hr \/>\n<p><i class=\"far fa-arrow-alt-circle-down\" style=\"color: #879927;\"><\/i> <a href=\"https:\/\/www.lpv-rottal-inn.de\/wp-content\/uploads\/2022_05_25_Die_Natur_lebt_auf.pdf\" target=\"_blank\" rel=\"noopener noreferrer\"><span style=\"color: #555555;\">25.05.2022 I Die Natur lebt auf<\/span><\/a><\/p>\n<hr \/>\n<p><i class=\"far fa-arrow-alt-circle-down\" style=\"color: #879927;\"><\/i> <a href=\"https:\/\/www.lpv-rottal-inn.de\/wp-content\/uploads\/2022-03-28-Lebensraum-Hecke.pdf\" target=\"_blank\" rel=\"noopener noreferrer\"><span style=\"color: #555555;\">28.03.2022 I Lebensraum Hecke<\/span><\/a><\/p>\n<hr \/>\n<p><i class=\"far fa-arrow-alt-circle-down\" style=\"color: #879927;\"><\/i> <a href=\"https:\/\/www.lpv-rottal-inn.de\/wp-content\/uploads\/20220307_Der-Kiebitz-braucht-die-Landwirte-Pfarrkirchen.pdf\" target=\"_blank\" rel=\"noopener noreferrer\"><span style=\"color: #555555;\">07.03.2022 I Der Kiebitz braucht Landwirte<\/span><\/a><\/p>\n<hr \/>\n<p><i class=\"far fa-arrow-alt-circle-down\" style=\"color: #879927;\"><\/i> <a href=\"https:\/\/www.lpv-rottal-inn.de\/wp-content\/uploads\/LPV-Foto-Wettbewerb-RA-5.2.22.pdf\" target=\"_blank\" rel=\"noopener noreferrer\"><span style=\"color: #555555;\">05.02.2022 I Die Kleinen ganz gro\u00df in Szene gebracht<\/span><\/a>[\/vc_column_text][\/vc_tta_section][vc_tta_section title=&#8220;2021&#8243; tab_id=&#8220;1667828964058-89de374c-1c50&#8243;][vc_column_text css=&#8220;.vc_custom_1667830196230{padding-top: 30px !important;padding-bottom: 30px !important;}&#8220;]<i class=\"far fa-arrow-alt-circle-down\" style=\"color: #879927;\"><\/i> <a href=\"https:\/\/www.lpv-rottal-inn.de\/wp-content\/uploads\/PM-08_30-Wie-man-Bodenerosion-bestmoeglich-verhindert.pdf\" target=\"_blank\" rel=\"noopener noreferrer\"><span style=\"color: #555555;\">30.08.2021 I Wie man Bodenerosion bestm\u00f6glich verhindert<\/span><\/a><\/p>\n<hr \/>\n<p><i class=\"far fa-arrow-alt-circle-down\" style=\"color: #879927;\"><\/i> <a href=\"https:\/\/www.lpv-rottal-inn.de\/wp-content\/uploads\/PM-Auszeichnung-insektenfr.-Kommunen.pdf\" target=\"_blank\" rel=\"noopener noreferrer\"><span style=\"color: #555555;\">24.08.2021 I Insektenfreundliche Kommunen<\/span><\/a><\/p>\n<hr \/>\n<p><i class=\"far fa-arrow-alt-circle-down\" style=\"color: #879927;\"><\/i> <a href=\"https:\/\/www.lpv-rottal-inn.de\/wp-content\/uploads\/Bester-Lebensraum-in-der-RA-vom-20.-August-21.pdf\" target=\"_blank\" rel=\"noopener noreferrer\"><span style=\"color: #555555;\">19.08.2021 I Bester Lebensraum f\u00fcr Flora und Fauna<\/span><\/a><\/p>\n<hr \/>\n<p><i class=\"far fa-arrow-alt-circle-down\" style=\"color: #879927;\"><\/i> <a href=\"https:\/\/www.lpv-rottal-inn.de\/wp-content\/uploads\/LPV-MV.pdf\" target=\"_blank\" rel=\"noopener noreferrer\"><span style=\"color: #555555;\">18.08.2021 I Landschaftspflegeverband w\u00e4chst und gedeiht<\/span><\/a><\/p>\n<hr \/>\n<p><i class=\"far fa-arrow-alt-circle-down\" style=\"color: #879927;\"><\/i> <a href=\"https:\/\/www.lpv-rottal-inn.de\/wp-content\/uploads\/PM-08_10-LPV-Rottal-blueht.pdf\" target=\"_blank\" rel=\"noopener noreferrer\"><span style=\"color: #555555;\">09.08.2021 I Rottal-Inn bl\u00fcht auf<\/span><\/a><\/p>\n<hr \/>\n<p><i class=\"far fa-arrow-alt-circle-down\" style=\"color: #879927;\"><\/i> <a href=\"https:\/\/www.lpv-rottal-inn.de\/wp-content\/uploads\/LPV-Summen-RA-vom-3.8.21.pdf\" target=\"_blank\" rel=\"noopener noreferrer\"><span style=\"color: #555555;\">03.08.2021 I Summen, Brummen und Zirpen erw\u00fcnscht<\/span><\/a><\/p>\n<hr \/>\n<p><i class=\"far fa-arrow-alt-circle-down\" style=\"color: #879927;\"><\/i> <a href=\"https:\/\/www.lpv-rottal-inn.de\/wp-content\/uploads\/PM-06_08-Kiebitzen-eine-Chance-geben.pdf\" target=\"_blank\" rel=\"noopener noreferrer\"><span style=\"color: #555555;\">08.06.2021 I Kiebitzen eine Chance gegeben<\/span><\/a><\/p>\n<hr \/>\n<p><i class=\"far fa-arrow-alt-circle-down\" style=\"color: #879927;\"><\/i> <a href=\"https:\/\/www.lpv-rottal-inn.de\/wp-content\/uploads\/LPV-Bericht-PNP-29.5.pdf\" target=\"_blank\" rel=\"noopener noreferrer\"><span style=\"color: #555555;\">25.05.2021 I Im Einsatz f\u00fcr Kulturlandschaft und Natursch\u00e4tze<\/span><\/a><\/p>\n<hr \/>\n<p><i class=\"far fa-arrow-alt-circle-down\" style=\"color: #879927;\"><\/i> <a href=\"https:\/\/www.lpv-rottal-inn.de\/wp-content\/uploads\/LPV-Rottal-Inn_Filmdreh-Willi-Weitzel_NB_220521.pdf\" target=\"_blank\" rel=\"noopener noreferrer\"><span style=\"color: #555555;\">22.05.2021 I Willi will&#8217;s in Eggenfelden wissen<\/span><\/a><\/p>\n<hr \/>\n<p><i class=\"far fa-arrow-alt-circle-down\" style=\"color: #879927;\"><\/i> <a href=\"https:\/\/www.lpv-rottal-inn.de\/wp-content\/uploads\/Flugkuenstler-im-RA-vom-1.-Maerz-21.pdf\" target=\"_blank\" rel=\"noopener noreferrer\"><span style=\"color: #555555;\">28.02.2021 I Flugk\u00fcnstler mit getarntem Gelege<\/span><\/a><\/p>\n<hr \/>\n<p><i class=\"far fa-arrow-alt-circle-down\" style=\"color: #879927;\"><\/i> <a href=\"https:\/\/www.lpv-rottal-inn.de\/wp-content\/uploads\/Auftakt-UK-Nebengewaesser-der-Kollbach-Bericht-vom-24.2.21-RA.pdf\" target=\"_blank\" rel=\"noopener noreferrer\"><span style=\"color: #555555;\">23.02.2021 I Die Gew\u00e4sserqualit\u00e4t im Blick<\/span><\/a>[\/vc_column_text][\/vc_tta_section][vc_tta_section title=&#8220;2020&#8243; tab_id=&#8220;1667829521531-7ade61e9-0cba&#8220;][vc_column_text css=&#8220;.vc_custom_1667830205543{padding-top: 30px !important;padding-bottom: 30px !important;}&#8220;]<i class=\"far fa-arrow-alt-circle-down\" style=\"color: #879927;\"><\/i> <a href=\"https:\/\/www.lpv-rottal-inn.de\/wp-content\/uploads\/PNP-27Nov2020-Landkreiskalender-fertig.pdf\" target=\"_blank\" rel=\"noopener noreferrer\"><span style=\"color: #555555;\">28.11.2020 I Mit Dorfwiesen durchs Jahr<\/span><\/a><\/p>\n<hr \/>\n<p><i class=\"far fa-arrow-alt-circle-down\" style=\"color: #879927;\"><\/i> <a href=\"https:\/\/www.lpv-rottal-inn.de\/wp-content\/uploads\/PNP-23102020_NatBay-Eggenfelden_Bunte-Vielfalt-fuer-Insekten.pdf\" target=\"_blank\" rel=\"noopener noreferrer\"><span style=\"color: #555555;\">22.10.2020 I Bunte Vielfalt f\u00fcr Insekten<\/span><\/a><\/p>\n<hr \/>\n<p><i class=\"far fa-arrow-alt-circle-down\" style=\"color: #879927;\"><\/i> <span style=\"color: #555555;\"><a style=\"color: #555555;\" href=\"https:\/\/www.lpv-rottal-inn.de\/wp-content\/LPV\/Presse\/2020\/09-27-2020_DieMarktgemeindesollgruenenundbluehen%20.pdf\" target=\"_blank\" rel=\"noopener noreferrer\">27.09.2020 I Die Marktgemeinde soll gr\u00fcnen und bl\u00fchen<\/a> + <a style=\"color: #555555;\" href=\"https:\/\/www.lpv-rottal-inn.de\/wp-content\/LPV\/Presse\/2020\/09-27-2020_Bilder.zip\" target=\"_blank\" rel=\"noopener noreferrer\">Pressebilder<\/a><\/span><\/p>\n<hr \/>\n<p><i class=\"far fa-arrow-alt-circle-down\" style=\"color: #879927;\"><\/i> <a href=\"https:\/\/www.lpv-rottal-inn.de\/wp-content\/LPV\/Presse\/2020\/09-15-2020_BeitragzurArtenvielfalt.pdf\" target=\"_blank\" rel=\"noopener noreferrer\"><span style=\"color: #555555;\">15.09.2020 I Beitrag zur Artenvielfalt<\/span><\/a><\/p>\n<hr \/>\n<p><i class=\"far fa-arrow-alt-circle-down\" style=\"color: #879927;\"><\/i> <a href=\"https:\/\/www.lpv-rottal-inn.de\/wp-content\/uploads\/08_25_PNP_Artenvielfalt-foerdern.pdf\" target=\"_blank\" rel=\"noopener noreferrer\"><span style=\"color: #555555;\">25.08.2020 I Artenvielfalt f\u00f6rdern<\/span><\/a><\/p>\n<hr \/>\n<p><i class=\"far fa-arrow-alt-circle-down\" style=\"color: #879927;\"><\/i> <a href=\"https:\/\/www.lpv-rottal-inn.de\/wp-content\/uploads\/08_21_PM-E-Beetle-und-GrasGrabber.pdf\" target=\"_blank\" rel=\"noopener noreferrer\"><span style=\"color: #555555;\">21.08.2020 I Mit &#8222;eBeetle&#8220; und &#8222;GrassGrabber&#8220;<\/span><\/a><\/p>\n<hr \/>\n<p><i class=\"far fa-arrow-alt-circle-down\" style=\"color: #879927;\"><\/i> <a href=\"https:\/\/www.lpv-rottal-inn.de\/wp-content\/uploads\/20200908_Bachlaeufe-aufwerten_Gewaesserumsetzungskonzept.pdf\" target=\"_blank\" rel=\"noopener noreferrer\"><span style=\"color: #555555;\">09.08.2020 I Bachl\u00e4ufe sollen aufgewertet werden<\/span><\/a><\/p>\n<hr \/>\n<p><i class=\"far fa-arrow-alt-circle-down\" style=\"color: #879927;\"><\/i> <a href=\"https:\/\/www.lpv-rottal-inn.de\/wp-content\/uploads\/PNP-21072020-Kunstwettbewerb-UrEinwohner-BettyGreif.pdf\" target=\"_blank\" rel=\"noopener noreferrer\"><span style=\"color: #555555;\">20.07.2020 I Betty-Greif-Sch\u00fcler holen sich Sieg bei Kunstwettbewerb<\/span><\/a><\/p>\n<hr \/>\n<p><i class=\"far fa-arrow-alt-circle-down\" style=\"color: #879927;\"><\/i> <a href=\"https:\/\/www.lpv-rottal-inn.de\/wp-content\/uploads\/20200605_Dorfwiesen-begutachten_Kirchdorf.pdf\" target=\"_blank\" rel=\"noopener noreferrer\"><span style=\"color: #555555;\">03.06.2020 I Dorfwiesenprojekt: Team begutachtet Ergebnisse<\/span><\/a><\/p>\n<hr \/>\n<p><i class=\"far fa-arrow-alt-circle-down\" style=\"color: #879927;\"><\/i> <a href=\"https:\/\/www.lpv-rottal-inn.de\/wp-content\/uploads\/PNP_21052020-_-Landkreis-Kalender-Fotowettbewerb.pdf\" target=\"_blank\" rel=\"noopener noreferrer\"><span style=\"color: #555555;\">21.05.2020 I Dorfwiesen im Fokus<\/span><\/a><\/p>\n<hr \/>\n<p><i class=\"far fa-arrow-alt-circle-down\" style=\"color: #879927;\"><\/i> <a href=\"https:\/\/www.lpv-rottal-inn.de\/wp-content\/uploads\/PNP-4April20.pdf\" target=\"_blank\" rel=\"noopener noreferrer\"><span style=\"color: #555555;\">04.04.2020 I Landschaftspflegeverband w\u00e4chst und gedeiht<\/span><\/a><\/p>\n<hr \/>\n<p><i class=\"far fa-arrow-alt-circle-down\" style=\"color: #879927;\"><\/i> <a href=\"https:\/\/www.lpv-rottal-inn.de\/wp-content\/uploads\/PNP-4Maerz2020-Jahrestreffen-LPVs.pdf\" target=\"_blank\" rel=\"noopener noreferrer\"><span style=\"color: #555555;\">04.03.2020 I Bindeglied zwischen Politik, Naturschutz und Landwirtschaft<\/span><\/a><\/p>\n<hr \/>\n<p><i class=\"far fa-arrow-alt-circle-down\" style=\"color: #879927;\"><\/i> <a href=\"https:\/\/www.lpv-rottal-inn.de\/wp-content\/uploads\/PNP-05022020-Umweltbildung-im-Bauwagen_NaTour.pdf\" target=\"_blank\" rel=\"noopener noreferrer\"><span style=\"color: #555555;\">05.02.2020 I Umweltbildung im Bauwagen<\/span><\/a><\/p>\n<hr \/>\n<p><i class=\"far fa-arrow-alt-circle-down\" style=\"color: #879927;\"><\/i> <a href=\"https:\/\/www.lpv-rottal-inn.de\/wp-content\/uploads\/PNP-31012020-3xB-Biodiv_Preis-fuer-LRA.pdf\" target=\"_blank\" rel=\"noopener noreferrer\"><span style=\"color: #555555;\">21.01.2020 I Umweltbewusstsein vermitteln<\/span><\/a><\/p>\n<hr \/>\n<p><i class=\"far fa-arrow-alt-circle-down\" style=\"color: #879927;\"><\/i> <a href=\"https:\/\/www.lpv-rottal-inn.de\/wp-content\/uploads\/PNP-17012020-Landkreis-Kalender-Fotowettbewerb.pdf\" target=\"_blank\" rel=\"noopener noreferrer\"><span style=\"color: #555555;\">17.01.2020 I Blumenwiesen im Fokus<\/span><\/a><\/p>\n<hr \/>\n<p><i class=\"far fa-arrow-alt-circle-down\" style=\"color: #879927;\"><\/i> <a href=\"https:\/\/www.lpv-rottal-inn.de\/wp-content\/uploads\/PNP-17012020-Landkreis-Kalender-Fotowettbewerb-beginnt.pdf\" target=\"_blank\" rel=\"noopener noreferrer\"><span style=\"color: #555555;\">16.01.2020 I Landkreis-Kalender: Fotowettbewerb beginnt<\/span><\/a><\/p>\n<hr \/>\n<p><i class=\"far fa-arrow-alt-circle-down\" style=\"color: #879927;\"><\/i> <a href=\"https:\/\/www.lpv-rottal-inn.de\/wp-content\/uploads\/PNP-01_09-Arme-Arten.pdf\" target=\"_blank\" rel=\"noopener noreferrer\"><span style=\"color: #555555;\">09.01.2020 I Klimaschutz auf der B\u00fchne<\/span><\/a>[\/vc_column_text][\/vc_tta_section][vc_tta_section title=&#8220;2019&#8243; tab_id=&#8220;1667829762711-7bfd5e4e-1126&#8243;][vc_column_text css=&#8220;.vc_custom_1667830214102{padding-top: 30px !important;padding-bottom: 30px !important;}&#8220;]<i class=\"far fa-arrow-alt-circle-down\" style=\"color: #879927;\"><\/i> <a href=\"https:\/\/www.lpv-rottal-inn.de\/wp-content\/LPV\/Presse\/2019\/09-21-2019_Ndb_Naturschutzbeirat.pdf\" target=\"_blank\" rel=\"noopener noreferrer\"><span style=\"color: #555555;\">21.09.2019\u00a0 I\u00a0 Naturschutzbeirat<\/span><\/a><\/p>\n<hr \/>\n<p><i class=\"far fa-arrow-alt-circle-down\" style=\"color: #879927;\"><\/i> <a style=\"color: #555555;\" href=\"https:\/\/www.lpv-rottal-inn.de\/wp-content\/LPV\/Presse\/2019\/03-012019_DVL_Kooperativer_Naturschutz.pdf\" target=\"_blank\" rel=\"noopener noreferrer\">01.03.2019\u00a0 I\u00a0 Kooperativer Naturschutz<\/a><\/p>\n<hr \/>\n<p><i class=\"far fa-arrow-alt-circle-down\" style=\"color: #879927;\"><\/i> <a style=\"color: #555555;\" href=\"https:\/\/www.lpv-rottal-inn.de\/wp-content\/LPV\/Presse\/2019\/02-13-2019_Hausboot_scheitert_an_Kosten.pdf\" target=\"_blank\" rel=\"noopener noreferrer\">13.02.2019\u00a0 I\u00a0 Hausboot scheitert an Kosten<\/a><\/p>\n<hr \/>\n<p><i class=\"far fa-arrow-alt-circle-down\" style=\"color: #879927;\"><\/i> <a style=\"color: #555555;\" href=\"https:\/\/www.lpv-rottal-inn.de\/wp-content\/LPV\/Presse\/2019\/02-06-2019_PM_Flyer_Blumenwiesen.pdf\" target=\"_blank\" rel=\"noopener noreferrer\">06.02.2019\u00a0 I\u00a0 Flyer Blumenwiesen<\/a><\/p>\n<hr \/>\n<p><i class=\"far fa-arrow-alt-circle-down\" style=\"color: #879927;\"><\/i> <a style=\"color: #555555;\" href=\"https:\/\/www.lpv-rottal-inn.de\/wp-content\/LPV\/Presse\/2019\/02-06-2019_Pflanzen_und_Tiere_in_der_Kulturlandschaft.pdf\" target=\"_blank\" rel=\"noopener noreferrer\">06.02.2019\u00a0 I\u00a0 Pflanzen und Tiere in der Kulturlandschaft<\/a>[\/vc_column_text][\/vc_tta_section][\/vc_tta_accordion][\/vc_column][\/vc_row]<\/p>\n<\/div>","protected":false},"excerpt":{"rendered":"<p>[vc_row][vc_column][vc_column_text][\/vc_column_text][\/vc_column][\/vc_row][vc_row][vc_column][vc_column_text][\/vc_column_text][\/vc_column][\/vc_row][vc_row css=&#8220;.vc_custom_1601030832893{margin-top: 40px !important;}&#8220;][vc_column][vc_column_text css=&#8220;.vc_custom_1662543692491{margin-top: 0px !important;}&#8220;] Allgemeine Presse-Information zum LPV Der Landschaftspflegeverband Rottal-Inn wurde 2009 auf Initiative des Landkreises gegr\u00fcndet und hat im Januar 2010 seine Arbeit aufgenommen. Inzwischen k\u00fcmmert sich ein Team aus sieben Fachleuten darum, die Vielzahl der nat\u00fcrlichen Lebensr\u00e4ume im Landkreis zu erhalten. Der Verein hat mittlerweile 85 Mitglieder \u2013 neben [&hellip;]<\/p>\n","protected":false},"author":3,"featured_media":0,"parent":0,"menu_order":0,"comment_status":"closed","ping_status":"closed","template":"","meta":{"footnotes":""},"class_list":["post-3316","page","type-page","status-publish","hentry"],"_links":{"self":[{"href":"https:\/\/www.lpv-rottal-inn.de\/index.php\/wp-json\/wp\/v2\/pages\/3316","targetHints":{"allow":["GET"]}}],"collection":[{"href":"https:\/\/www.lpv-rottal-inn.de\/index.php\/wp-json\/wp\/v2\/pages"}],"about":[{"href":"https:\/\/www.lpv-rottal-inn.de\/index.php\/wp-json\/wp\/v2\/types\/page"}],"author":[{"embeddable":true,"href":"https:\/\/www.lpv-rottal-inn.de\/index.php\/wp-json\/wp\/v2\/users\/3"}],"replies":[{"embeddable":true,"href":"https:\/\/www.lpv-rottal-inn.de\/index.php\/wp-json\/wp\/v2\/comments?post=3316"}],"version-history":[{"count":49,"href":"https:\/\/www.lpv-rottal-inn.de\/index.php\/wp-json\/wp\/v2\/pages\/3316\/revisions"}],"predecessor-version":[{"id":4758,"href":"https:\/\/www.lpv-rottal-inn.de\/index.php\/wp-json\/wp\/v2\/pages\/3316\/revisions\/4758"}],"wp:attachment":[{"href":"https:\/\/www.lpv-rottal-inn.de\/index.php\/wp-json\/wp\/v2\/media?parent=3316"}],"curies":[{"name":"wp","href":"https:\/\/api.w.org\/{rel}","templated":true}]}}