





{"id":3340,"date":"2020-06-25T15:46:18","date_gmt":"2020-06-25T13:46:18","guid":{"rendered":"https:\/\/www.lpv-rottal-inn.de\/?page_id=3340"},"modified":"2023-03-28T13:52:48","modified_gmt":"2023-03-28T11:52:48","slug":"mitglied-werden-spenden","status":"publish","type":"page","link":"https:\/\/www.lpv-rottal-inn.de\/index.php\/mitglied-werden-spenden\/","title":{"rendered":"Mitglied werden \/ Spenden"},"content":{"rendered":"<div class=\"wpb-content-wrapper\"><p>[vc_row css=&#8220;.vc_custom_1593769241212{margin-top: 40px !important;margin-bottom: 80px !important;}&#8220;][vc_column width=&#8220;1\/6&#8243;][\/vc_column][vc_column width=&#8220;2\/3&#8243;][vc_column_text]<\/p>\n<p style=\"text-align: center;\">Mit ihrem Beitrag unterst\u00fctzen Sie die Natur. Ihre Natur, hier, bei uns, vor Ihrer Haust\u00fcr.<br \/>\nDeshalb freuen wir uns \u00fcber jedes Mitglied und \u00fcber jede Spende.<\/p>\n<p style=\"text-align: center;\"><strong>Unsere Bankdaten:<\/strong><br \/>\nSparkasse Rottal-Inn<br \/>\nIBAN: DE03 7435 1430 0010 0577 68<br \/>\nBIC: BYLADEM1EGF<\/p>\n<p style=\"text-align: center;\"><em>Spenden und Mitgliedsbeitr\u00e4ge sind steuerlich absetzbar,<\/em><br \/>\n<em>Sie erhalten von uns eine entsprechende Best\u00e4tigung.<\/em>[\/vc_column_text][\/vc_column][vc_column width=&#8220;1\/6&#8243;][\/vc_column][\/vc_row][vc_row css=&#8220;.vc_custom_1601033119810{margin-bottom: 40px !important;}&#8220;][vc_column width=&#8220;2\/3&#8243;][vc_text_separator title=&#8220;Beitrittserkl\u00e4rung&#8220; title_align=&#8220;separator_align_left&#8220; align=&#8220;align_right&#8220; color=&#8220;custom&#8220; style=&#8220;solid&#8220; accent_color=&#8220;#879927&#8243; css=&#8220;.vc_custom_1593770352879{margin-bottom: 20px !important;}&#8220; el_class=&#8220;text-color-primary&#8220;]\n<div class=\"wpcf7 no-js\" id=\"wpcf7-f3498-o1\" lang=\"de-DE\" dir=\"ltr\" data-wpcf7-id=\"3498\">\n<div class=\"screen-reader-response\"><p role=\"status\" aria-live=\"polite\" aria-atomic=\"true\"><\/p> <ul><\/ul><\/div>\n<form action=\"\/index.php\/wp-json\/wp\/v2\/pages\/3340#wpcf7-f3498-o1\" method=\"post\" class=\"wpcf7-form init wpcf7-acceptance-as-validation\" aria-label=\"Kontaktformular\" novalidate=\"novalidate\" data-status=\"init\">\n<fieldset class=\"hidden-fields-container\"><input type=\"hidden\" name=\"_wpcf7\" value=\"3498\" \/><input type=\"hidden\" name=\"_wpcf7_version\" value=\"6.1.5\" \/><input type=\"hidden\" name=\"_wpcf7_locale\" value=\"de_DE\" \/><input type=\"hidden\" name=\"_wpcf7_unit_tag\" value=\"wpcf7-f3498-o1\" \/><input type=\"hidden\" name=\"_wpcf7_container_post\" value=\"0\" \/><input type=\"hidden\" name=\"_wpcf7_posted_data_hash\" value=\"\" \/>\n<\/fieldset>\n<small>Die mit * gekennzeichneten Felder sind Pflichtfelder<\/small>\n<br\/>\n\n<div class=\"form-row\">\n<div class=\"column-half\">\n<label>Vorname*<\/label>\n<span class=\"wpcf7-form-control-wrap\" data-name=\"Vorname\"><input size=\"40\" maxlength=\"400\" class=\"wpcf7-form-control wpcf7-text wpcf7-validates-as-required form-control\" aria-required=\"true\" aria-invalid=\"false\" value=\"\" type=\"text\" name=\"Vorname\" \/><\/span><\/div>\n\n<div class=\"column-half\"><label>Nachname*<\/label>\n<span class=\"wpcf7-form-control-wrap\" data-name=\"Nachname\"><input size=\"40\" maxlength=\"400\" class=\"wpcf7-form-control wpcf7-text wpcf7-validates-as-required form-control\" aria-required=\"true\" aria-invalid=\"false\" value=\"\" type=\"text\" name=\"Nachname\" \/><\/span><\/div>\n<\/div>\n\n<div class=\"form-row\">\n<div class=\"column-half\"><label>Stra\u00dfe*<\/label>\n<span class=\"wpcf7-form-control-wrap\" data-name=\"Strasse\"><input size=\"40\" maxlength=\"400\" class=\"wpcf7-form-control wpcf7-text wpcf7-validates-as-required form-control\" aria-required=\"true\" aria-invalid=\"false\" value=\"\" type=\"text\" name=\"Strasse\" \/><\/span><\/div>\n\n<div class=\"column-half\"><label>Hausnummer*<\/label>\n<span class=\"wpcf7-form-control-wrap\" data-name=\"Hausnummer\"><input size=\"40\" maxlength=\"400\" class=\"wpcf7-form-control wpcf7-text wpcf7-validates-as-required form-control\" aria-required=\"true\" aria-invalid=\"false\" value=\"\" type=\"text\" name=\"Hausnummer\" \/><\/span><\/div>\n<\/div>\n\n<div class=\"form-row\">\n<div class=\"column-half\"><label>Postleitzahl*<\/label>\n<span class=\"wpcf7-form-control-wrap\" data-name=\"Postleitzahl\"><input size=\"40\" maxlength=\"400\" class=\"wpcf7-form-control wpcf7-text wpcf7-validates-as-required form-control\" aria-required=\"true\" aria-invalid=\"false\" value=\"\" type=\"text\" name=\"Postleitzahl\" \/><\/span><\/div>\n\n<div class=\"column-half\"><label>Ort*<\/label>\n<span class=\"wpcf7-form-control-wrap\" data-name=\"Ort\"><input size=\"40\" maxlength=\"400\" class=\"wpcf7-form-control wpcf7-text wpcf7-validates-as-required form-control\" aria-required=\"true\" aria-invalid=\"false\" value=\"\" type=\"text\" name=\"Ort\" \/><\/span><\/div>\n<\/div>\n\n<div class=\"form-row\">\n<div class=\"column-half\"><label>Geburtsdatum TT.MM.JJJJ*<\/label>\n<span class=\"wpcf7-form-control-wrap\" data-name=\"Geburtsdatum\"><input size=\"40\" maxlength=\"400\" class=\"wpcf7-form-control wpcf7-text wpcf7-validates-as-required form-control\" aria-required=\"true\" aria-invalid=\"false\" value=\"\" type=\"text\" name=\"Geburtsdatum\" \/><\/span><\/div>\n<\/div>\n\n<div class=\"form-row\">\n<div class=\"column-half\"><label>Institution*<\/label>\n<span class=\"wpcf7-form-control-wrap\" data-name=\"Institution\"><input size=\"40\" maxlength=\"400\" class=\"wpcf7-form-control wpcf7-text form-control\" aria-invalid=\"false\" value=\"\" type=\"text\" name=\"Institution\" \/><\/span><\/div>\n\n<div class=\"column-half\"><label>Titel\/Beruf*<\/label>\n<span class=\"wpcf7-form-control-wrap\" data-name=\"Beruf\"><input size=\"40\" maxlength=\"400\" class=\"wpcf7-form-control wpcf7-text form-control\" aria-invalid=\"false\" value=\"\" type=\"text\" name=\"Beruf\" \/><\/span><\/div>\n<\/div>\n\n<div class=\"form-row\">\n<div class=\"column-half\"><label>IBAN*<\/label>\n<span class=\"wpcf7-form-control-wrap\" data-name=\"IBAN\"><input size=\"40\" maxlength=\"400\" class=\"wpcf7-form-control wpcf7-text wpcf7-validates-as-required form-control\" aria-required=\"true\" aria-invalid=\"false\" value=\"\" type=\"text\" name=\"IBAN\" \/><\/span><\/div>\n\n<div class=\"column-half\"><label>BIC*<\/label>\n<span class=\"wpcf7-form-control-wrap\" data-name=\"BIC\"><input size=\"40\" maxlength=\"400\" class=\"wpcf7-form-control wpcf7-text wpcf7-validates-as-required form-control\" aria-required=\"true\" aria-invalid=\"false\" value=\"\" type=\"text\" name=\"BIC\" \/><\/span><\/div>\n<\/div>\n\n\n\n<div class=\"form-group\"><label>\n<span class=\"wpcf7-form-control-wrap\" data-name=\"checkbox-531\"><span class=\"wpcf7-form-control wpcf7-checkbox wpcf7-exclusive-checkbox\"><span class=\"wpcf7-list-item first\"><label><input type=\"checkbox\" name=\"checkbox-531\" value=\"&nbsp;&nbsp;&nbsp;f\u00fcr nat\u00fcrliche Einzelpersonen 30,00 Euro pro Jahr\" \/><span class=\"wpcf7-list-item-label\">&nbsp;&nbsp;&nbsp;f\u00fcr nat\u00fcrliche Einzelpersonen 30,00 Euro pro Jahr<\/span><\/label><\/span><span class=\"wpcf7-list-item last\"><label><input type=\"checkbox\" name=\"checkbox-531\" value=\"&nbsp;&nbsp;&nbsp;f\u00fcr Verb\u00e4nde\/Vereine\/jur. Personen 120,00 Euro pro Jahr\" \/><span class=\"wpcf7-list-item-label\">&nbsp;&nbsp;&nbsp;f\u00fcr Verb\u00e4nde\/Vereine\/jur. Personen 120,00 Euro pro Jahr<\/span><\/label><\/span><\/span><\/span><\/label><\/div>\n\n\n<div class=\"form-group\" style=\"margin-top: 5px;\">\n<label><span class=\"wpcf7-form-control-wrap\" data-name=\"EinverstaendnisBeitrag\"><span class=\"wpcf7-form-control wpcf7-acceptance\"><span class=\"wpcf7-list-item\"><input type=\"checkbox\" name=\"EinverstaendnisBeitrag\" value=\"1\" aria-invalid=\"false\" \/><\/span><\/span><\/span><strong>Einverst\u00e4ndnis*:<\/strong>  Ich erm\u00e4chtige den Landschaftspflegeverband Rottal-Inn widerruflich, den Jahresbeitrag mittels Lastschrift einzuziehen. <\/label><\/div>\n\n<div class=\"form-group\" style=\"margin-top: 5px;\">\n<label><span class=\"wpcf7-form-control-wrap\" data-name=\"acceptance-89\"><span class=\"wpcf7-form-control wpcf7-acceptance\"><span class=\"wpcf7-list-item\"><input type=\"checkbox\" name=\"acceptance-89\" value=\"1\" aria-invalid=\"false\" \/><\/span><\/span><\/span>  <strong>Datenschutz*:<\/strong> Ich habe die <a href=\"https:\/\/www.lpv-rottal-inn.de\/index.php\/datenschutzerklaerung\/\" target=\"_blank\">Datenschutzerkl\u00e4rung<\/a> zur Kenntnis genommen. Ich stimme zu, dass meine Angaben und Daten zur Beantwortung meiner Anfrage elektronisch erhoben und gespeichert werden. <\/label>\n<\/div>\n\n<br\/>\n<div class=\"form-group\"><input class=\"wpcf7-form-control wpcf7-submit has-spinner\" type=\"submit\" value=\"Senden\" \/><\/div><input type='hidden' class='wpcf7-pum' value='{\"closepopup\":false,\"closedelay\":0,\"openpopup\":false,\"openpopup_id\":0}' \/><div class=\"wpcf7-response-output\" aria-hidden=\"true\"><\/div>\n<\/form>\n<\/div>\n[\/vc_column][vc_column width=&#8220;1\/3&#8243; remove_margin_top=&#8220;yes&#8220; remove_padding_top=&#8220;yes&#8220;]<div class=\"porto-content-box featured-boxes wpb_content_element \"><div class=\"featured-box featured-box-primary featured-box-effect-1\"><div class=\"box-content\" style=\"\"><i class=\"icon-featured Simple-Line-Icons-people\"><\/i>[vc_column_text]<\/p>\n<h4 class=\" text-color-primary\"><a href=\"https:\/\/www.lpv-rottal-inn.de\/wp-content\/uploads\/Beitrittserklaerung_Stand_20230328.pdf\" target=\"_blank\" rel=\"noopener noreferrer\">Beitrittserkl\u00e4rung<\/a><\/h4>\n<p>Hier k\u00f6nnen Sie die Erkl\u00e4rung als PDF herunterladen, ausdrucken, ausf\u00fcllen und per Post an uns senden.<\/p>\n<p><a class=\"learn-more text-dark font-size-sm font-weight-bold\" href=\"https:\/\/www.lpv-rottal-inn.de\/wp-content\/uploads\/Beitrittserklaerung_Stand_20230328.pdf\" target=\"_blank\" rel=\"noopener noreferrer\">Download <i class=\"fa fa-angle-right\"><\/i><\/a>[\/vc_column_text]<\/div><\/div><\/div>[\/vc_column][\/vc_row]<\/p>\n<\/div>","protected":false},"excerpt":{"rendered":"<p>[vc_row css=&#8220;.vc_custom_1593769241212{margin-top: 40px !important;margin-bottom: 80px !important;}&#8220;][vc_column width=&#8220;1\/6&#8243;][\/vc_column][vc_column width=&#8220;2\/3&#8243;][vc_column_text] Mit ihrem Beitrag unterst\u00fctzen Sie die Natur. Ihre Natur, hier, bei uns, vor Ihrer Haust\u00fcr. Deshalb freuen wir uns \u00fcber jedes Mitglied und \u00fcber jede Spende. Unsere Bankdaten: Sparkasse Rottal-Inn IBAN: DE03 7435 1430 0010 0577 68 BIC: BYLADEM1EGF Spenden und Mitgliedsbeitr\u00e4ge sind steuerlich absetzbar, Sie erhalten [&hellip;]<\/p>\n","protected":false},"author":3,"featured_media":0,"parent":0,"menu_order":0,"comment_status":"closed","ping_status":"closed","template":"","meta":{"footnotes":""},"class_list":["post-3340","page","type-page","status-publish","hentry"],"_links":{"self":[{"href":"https:\/\/www.lpv-rottal-inn.de\/index.php\/wp-json\/wp\/v2\/pages\/3340","targetHints":{"allow":["GET"]}}],"collection":[{"href":"https:\/\/www.lpv-rottal-inn.de\/index.php\/wp-json\/wp\/v2\/pages"}],"about":[{"href":"https:\/\/www.lpv-rottal-inn.de\/index.php\/wp-json\/wp\/v2\/types\/page"}],"author":[{"embeddable":true,"href":"https:\/\/www.lpv-rottal-inn.de\/index.php\/wp-json\/wp\/v2\/users\/3"}],"replies":[{"embeddable":true,"href":"https:\/\/www.lpv-rottal-inn.de\/index.php\/wp-json\/wp\/v2\/comments?post=3340"}],"version-history":[{"count":39,"href":"https:\/\/www.lpv-rottal-inn.de\/index.php\/wp-json\/wp\/v2\/pages\/3340\/revisions"}],"predecessor-version":[{"id":4803,"href":"https:\/\/www.lpv-rottal-inn.de\/index.php\/wp-json\/wp\/v2\/pages\/3340\/revisions\/4803"}],"wp:attachment":[{"href":"https:\/\/www.lpv-rottal-inn.de\/index.php\/wp-json\/wp\/v2\/media?parent=3340"}],"curies":[{"name":"wp","href":"https:\/\/api.w.org\/{rel}","templated":true}]}}