





{"id":3588,"date":"2020-07-08T08:45:08","date_gmt":"2020-07-08T06:45:08","guid":{"rendered":"https:\/\/www.lpv-rottal-inn.de\/?page_id=3588"},"modified":"2020-10-01T16:11:01","modified_gmt":"2020-10-01T14:11:01","slug":"wir-machen-landschaft-zum-erlebnis","status":"publish","type":"page","link":"https:\/\/www.lpv-rottal-inn.de\/index.php\/wir-machen-landschaft-zum-erlebnis\/","title":{"rendered":"Wir machen Landschaft zum Erlebnis"},"content":{"rendered":"<div class=\"wpb-content-wrapper\"><p>[vc_row css=&#8220;.vc_custom_1593091942358{margin-top: 60px !important;margin-bottom: 20px !important;}&#8220;][vc_column width=&#8220;1\/6&#8243;][\/vc_column][vc_column width=&#8220;2\/3&#8243;]<div class=\"porto-process wpb_custom_aa84c36a6a947f6099708744f0f74b68\"><div class=\"process-step wpb_custom_e03dc5a8a169bfdfccbaed44883810c3\" data-appear-animation=\"fadeInUp\" data-appear-animation-delay=\"200\"><div class=\"process-step-circle\"><strong class=\"process-step-circle-content\"><i class=\"porto-icon-ok\"><\/i><\/strong><\/div><div class=\"process-step-content\"><h4 class=\"step-item-title\" style=\"color:#879927\">Wir erhalten und schaffen \u00f6kologisch wertvolle Fl\u00e4chen im Landkreis Rottal-Inn.<\/h4><div class=\"process-step-desc\">Dadurch wird eine m\u00f6glichst vielf\u00e4ltige Tier- und Pflanzenwelt gesch\u00fctzt und gef\u00f6rdert:<br \/>\n\u2013 artenreiche Wiesen, beispielsweise Streuwiesen oder Magerrasen<br \/>\n\u2013 Hoch- oder Niedermoore<br \/>\n\u2013 Streuobst- und Heckenpflanzungen<\/p>\n<p>Artenhilfsma\u00dfnahmen, also gezielte Ma\u00dfnahmen zum Schutz von lokalen Populationen, erhalten dabei den Bestand. Wir legen zum Beispiel Laichgew\u00e4sser f\u00fcr Amphibien an und gestalten Reptilienquartiere.<\/div><\/div><\/div><div class=\"process-step wpb_custom_e03dc5a8a169bfdfccbaed44883810c3\" data-appear-animation=\"fadeInUp\" data-appear-animation-delay=\"400\"><div class=\"process-step-circle\"><strong class=\"process-step-circle-content\"><i class=\"porto-icon-ok\"><\/i><\/strong><\/div><div class=\"process-step-content\"><h4 class=\"step-item-title\" style=\"color:#879927\">Wir schaffen ein geeignetes und ausreichendes \u201eBiotopverbundsystem\u201c.<\/h4><div class=\"process-step-desc\">Dabei wird vernetzende Fl\u00e4chensicherung gef\u00f6rdert, u.a. durch naturschutzfachliche Beratung von Grundst\u00fcckseigent\u00fcmern und Bewirtschaftern.<\/div><\/div><\/div><div class=\"process-step wpb_custom_e03dc5a8a169bfdfccbaed44883810c3\" data-appear-animation=\"fadeInUp\" data-appear-animation-delay=\"800\"><div class=\"process-step-circle\"><strong class=\"process-step-circle-content\"><i class=\"porto-icon-ok\"><\/i><\/strong><\/div><div class=\"process-step-content\"><h4 class=\"step-item-title\" style=\"color:#879927\">Wir akquirieren F\u00f6rdermittel und k\u00fcmmern uns um die Finanzierung der Naturschutzma\u00dfnahmen.<\/h4><div class=\"process-step-desc\"><\/div><\/div><\/div><div class=\"process-step wpb_custom_e03dc5a8a169bfdfccbaed44883810c3\" data-appear-animation=\"fadeInUp\" data-appear-animation-delay=\"800\"><div class=\"process-step-circle\"><strong class=\"process-step-circle-content\"><i class=\"porto-icon-ok\"><\/i><\/strong><\/div><div class=\"process-step-content\"><h4 class=\"step-item-title\" style=\"color:#879927\">Wir legen \u00f6kologisch wertvolle Ausgleichsfl\u00e4chen an und pflegen diese auch.<\/h4><div class=\"process-step-desc\">Als kostenpflichtige Dienstleistung f\u00fcr Kommunen, Landwirte und Unternehmen.<\/div><\/div><\/div><div class=\"process-step wpb_custom_e03dc5a8a169bfdfccbaed44883810c3\" data-appear-animation=\"fadeInUp\" data-appear-animation-delay=\"800\"><div class=\"process-step-circle\"><strong class=\"process-step-circle-content\"><i class=\"porto-icon-ok\"><\/i><\/strong><\/div><div class=\"process-step-content\"><h4 class=\"step-item-title\" style=\"color:#879927\">Wir unterst\u00fctzen die \u00f6ffentlichen Stellen bei der Umsetzung ihrer Ziele im Bereich des Naturschutzes und der Landschaftspflege.<\/h4><div class=\"process-step-desc\">Beispielsweise den Landkreis und die Kommunen, die untere Naturschutzbeh\u00f6rde, das Wasserwirtschaftsamt, das Amt f\u00fcr Ern\u00e4hrung, Landwirtschaft und Forsten, das Amt f\u00fcr l\u00e4ndliche Entwicklung und Naturschutzverb\u00e4nde.<\/div><\/div><\/div><div class=\"process-step wpb_custom_e03dc5a8a169bfdfccbaed44883810c3\" data-appear-animation=\"fadeInUp\" data-appear-animation-delay=\"800\"><div class=\"process-step-circle\"><strong class=\"process-step-circle-content\"><i class=\"porto-icon-ok\"><\/i><\/strong><\/div><div class=\"process-step-content\"><h4 class=\"step-item-title\" style=\"color:#879927\">Wir f\u00f6rdern Konzepte und f\u00fchren Ma\u00dfnahmen durch, mit denen eine nachhaltige und \u00f6kologisch vertr\u00e4gliche Entwicklung des Landkreises gef\u00f6rdert wird.<\/h4><div class=\"process-step-desc\">Dazu z\u00e4hlen unter anderem:<br \/>\n&#8211; Pflege- und Entwicklungspl\u00e4ne von besonders hochwertigen Fl\u00e4chen<br \/>\n&#8211; Konzepte zur Heckenpflege<br \/>\n&#8211; Initiativen und Projekte des Amtes f\u00fcr l\u00e4ndliche Entwicklung (FlurNatur, boden:st\u00e4ndig)<\/div><\/div><\/div><div class=\"process-step wpb_custom_e03dc5a8a169bfdfccbaed44883810c3\" data-appear-animation=\"fadeInUp\" data-appear-animation-delay=\"800\"><div class=\"process-step-circle\"><strong class=\"process-step-circle-content\"><i class=\"porto-icon-ok\"><\/i><\/strong><\/div><div class=\"process-step-content\"><h4 class=\"step-item-title\" style=\"color:#879927\">Wir werben f\u00fcr und informieren \u00fcber Naturschutz und Artenschutz sowie Landschaftspflege.<\/h4><div class=\"process-step-desc\">Daf\u00fcr z\u00e4hlen wir auch Initiativen wie:<br \/>\n\u2013 Umweltbildung an Schulen<br \/>\n\u2013 Exkursionen<br \/>\n\u2013 Vortr\u00e4ge von Experten<\/div><\/div><\/div><div class=\"process-step wpb_custom_e03dc5a8a169bfdfccbaed44883810c3\" data-appear-animation=\"fadeInUp\" data-appear-animation-delay=\"600\"><div class=\"process-step-circle\"><strong class=\"process-step-circle-content\"><i class=\"porto-icon-ok\"><\/i><\/strong><\/div><div class=\"process-step-content\"><h4 class=\"step-item-title\" style=\"color:#879927\">Wir leiten und f\u00fchren den forstlichen Betrieb im Landkreiswald.<\/h4><div class=\"process-step-desc\"><\/div><\/div><\/div><\/div>[\/vc_column][vc_column width=&#8220;1\/6&#8243;][\/vc_column][\/vc_row][vc_row full_width=&#8220;stretch_row&#8220; css=&#8220;.vc_custom_1594981642641{padding-top: 80px !important;padding-bottom: 70px !important;background: #f0f4ed url(https:\/\/www.lpv-rottal-inn.de\/wp-content\/uploads\/landschafterlebnis_hg.jpg?id=3258) !important;background-position: center !important;background-repeat: no-repeat !important;background-size: cover !important;}&#8220;][vc_column width=&#8220;1\/3&#8243;][\/vc_column][vc_column width=&#8220;1\/3&#8243;]<div class=\"porto-testimonial wpb_content_element   wpb_custom_4760b66c0cbf51ec9a7673f3785bca75\"><div class=\"testimonial testimonial-style-5 testimonial-with-quotes\"><blockquote class=\"testimonial-carousel\" style=\"color:#ffffff\"><p>\n<p style=\"text-align: center;\"><strong><span style=\"font-size: 20px; color: #ffffff;\">Alles, was gegen die Natur ist, hat auf die Dauer keinen Bestand.<\/span><\/strong><\/p>\n<p><\/p><\/blockquote><div class=\"testimonial-author\"><p><strong><\/strong><span style=\"color:#ffffff\">Charles Darwin<\/span><\/p><\/div><\/div><\/div>[\/vc_column][vc_column width=&#8220;1\/3&#8243;][\/vc_column][\/vc_row][vc_row css=&#8220;.vc_custom_1594190761028{margin-top: 40px !important;margin-bottom: 20px !important;}&#8220;][vc_column width=&#8220;1\/6&#8243;][\/vc_column][vc_column width=&#8220;2\/3&#8243;][vc_column_text]<\/p>\n<p style=\"text-align: center;\">Der LPV ist ein eingetragener Verein, die Satzung beschreibt unsere Aufgaben.<\/p>\n<p style=\"text-align: center;\">Diese Satzung (<a href=\"https:\/\/www.lpv-rottal-inn.de\/wp-content\/LPV\/Download\/Satzung_07Maerz2017.pdf\" target=\"_blank\" rel=\"noopener noreferrer\">PDF Download<\/a>) mag trocken klingen, aber sie ist wichtig als Orientierung f\u00fcr unsere Arbeit, f\u00fcr die wir uns vor den Mitgliedern auch verantworten m\u00fcssen. Lebendig und sprichw\u00f6rtlich bl\u00fchend wird die Satzung durch unsere <a href=\"https:\/\/www.lpv-rottal-inn.de\/index.php\/projekte\/\" rel=\"noopener noreferrer\">Projekte<\/a>.<\/p>\n<p>[\/vc_column_text][\/vc_column][vc_column width=&#8220;1\/6&#8243;][\/vc_column][\/vc_row]<\/p>\n<\/div>","protected":false},"excerpt":{"rendered":"<p>[vc_row css=&#8220;.vc_custom_1593091942358{margin-top: 60px !important;margin-bottom: 20px !important;}&#8220;][vc_column width=&#8220;1\/6&#8243;][\/vc_column][vc_column width=&#8220;2\/3&#8243;][\/vc_column][vc_column width=&#8220;1\/6&#8243;][\/vc_column][\/vc_row][vc_row full_width=&#8220;stretch_row&#8220; css=&#8220;.vc_custom_1594981642641{padding-top: 80px !important;padding-bottom: 70px !important;background: #f0f4ed url(https:\/\/www.lpv-rottal-inn.de\/wp-content\/uploads\/landschafterlebnis_hg.jpg?id=3258) !important;background-position: center !important;background-repeat: no-repeat !important;background-size: cover !important;}&#8220;][vc_column width=&#8220;1\/3&#8243;][\/vc_column][vc_column width=&#8220;1\/3&#8243;][\/vc_column][vc_column width=&#8220;1\/3&#8243;][\/vc_column][\/vc_row][vc_row css=&#8220;.vc_custom_1594190761028{margin-top: 40px !important;margin-bottom: 20px !important;}&#8220;][vc_column width=&#8220;1\/6&#8243;][\/vc_column][vc_column width=&#8220;2\/3&#8243;][vc_column_text] Der LPV ist ein eingetragener Verein, die Satzung beschreibt unsere Aufgaben. Diese Satzung (PDF Download) mag trocken klingen, aber sie ist [&hellip;]<\/p>\n","protected":false},"author":3,"featured_media":0,"parent":0,"menu_order":0,"comment_status":"closed","ping_status":"closed","template":"","meta":{"footnotes":""},"class_list":["post-3588","page","type-page","status-publish","hentry"],"_links":{"self":[{"href":"https:\/\/www.lpv-rottal-inn.de\/index.php\/wp-json\/wp\/v2\/pages\/3588","targetHints":{"allow":["GET"]}}],"collection":[{"href":"https:\/\/www.lpv-rottal-inn.de\/index.php\/wp-json\/wp\/v2\/pages"}],"about":[{"href":"https:\/\/www.lpv-rottal-inn.de\/index.php\/wp-json\/wp\/v2\/types\/page"}],"author":[{"embeddable":true,"href":"https:\/\/www.lpv-rottal-inn.de\/index.php\/wp-json\/wp\/v2\/users\/3"}],"replies":[{"embeddable":true,"href":"https:\/\/www.lpv-rottal-inn.de\/index.php\/wp-json\/wp\/v2\/comments?post=3588"}],"version-history":[{"count":10,"href":"https:\/\/www.lpv-rottal-inn.de\/index.php\/wp-json\/wp\/v2\/pages\/3588\/revisions"}],"predecessor-version":[{"id":4258,"href":"https:\/\/www.lpv-rottal-inn.de\/index.php\/wp-json\/wp\/v2\/pages\/3588\/revisions\/4258"}],"wp:attachment":[{"href":"https:\/\/www.lpv-rottal-inn.de\/index.php\/wp-json\/wp\/v2\/media?parent=3588"}],"curies":[{"name":"wp","href":"https:\/\/api.w.org\/{rel}","templated":true}]}}